{"id":1302,"date":"2019-10-29T16:06:19","date_gmt":"2019-10-29T16:06:19","guid":{"rendered":"http:\/\/test.jrwebdeveloper.de\/?page_id=1302"},"modified":"2022-01-06T17:21:47","modified_gmt":"2022-01-06T16:21:47","slug":"party-dienst","status":"publish","type":"page","link":"https:\/\/www.getraenke-hake.de\/index.php\/party-dienst\/","title":{"rendered":"PARTY-DIENST"},"content":{"rendered":"<div id='full_slider_1'  class='avia-fullwidth-slider main_color avia-shadow   avia-builder-el-0  el_before_av_one_half  avia-builder-el-first   container_wrap sidebar_right'  >\n<style type=\"text\/css\" data-created_by=\"avia_inline_auto\" id=\"style-css-av-k2aawzpv-7693b18155c3b157ab685a7709329bf4\">\n#top #wrap_all .avia-slideshow .av-slideshow-caption.av-k2aawzpv-7693b18155c3b157ab685a7709329bf4__0 .avia-caption-title{\nfont-size:27px;\n}\n<\/style>\n<div  class='avia-slideshow av-k2aawzpv-7693b18155c3b157ab685a7709329bf4 avia-slideshow-featured_large av_slideshow_full avia-fade-slider av-slideshow-ui av-control-hidden av-no-slider-navigation av-hide-nav-arrows av-slideshow-autoplay av-loop-endless av-loop-manual-endless av-default-height-applied   avia-slideshow-1' data-slideshow-options=\"{&quot;animation&quot;:&quot;fade&quot;,&quot;autoplay&quot;:true,&quot;loop_autoplay&quot;:&quot;endless&quot;,&quot;interval&quot;:7,&quot;loop_manual&quot;:&quot;manual-endless&quot;,&quot;autoplay_stopper&quot;:false,&quot;noNavigation&quot;:true,&quot;bg_slider&quot;:false,&quot;keep_padding&quot;:false,&quot;hoverpause&quot;:false,&quot;show_slide_delay&quot;:0}\"  itemprop=\"image\" itemscope=\"itemscope\" itemtype=\"https:\/\/schema.org\/ImageObject\" ><ul class='avia-slideshow-inner ' style='padding-bottom: 42%;'><li  class='avia-slideshow-slide av-k2aawzpv-7693b18155c3b157ab685a7709329bf4__0  av-single-slide slide-1 slide-odd'><div data-rel='slideshow-1' class='avia-slide-wrap '   ><img decoding=\"async\" class=\"wp-image-1732 avia-img-lazy-loading-not-1732\"  src=\"https:\/\/www.getraenke-hake.de\/wp-content\/uploads\/2019\/12\/01-1500x630.jpg\" width=\"1500\" height=\"630\" title='01' alt=''  itemprop=\"thumbnailUrl\"   \/><\/div><\/li><\/ul><\/div><\/div><div id='after_full_slider_1'  class='main_color av_default_container_wrap container_wrap sidebar_right'  ><div class='container av-section-cont-open' ><div class='template-page content  av-content-small alpha units'><div class='post-entry post-entry-type-page post-entry-1302'><div class='entry-content-wrapper clearfix'>\n\n<style type=\"text\/css\" data-created_by=\"avia_inline_auto\" id=\"style-css-av-5xdcok-0ee69c79c63bdec04c9222668e8243a1\">\n.flex_column.av-5xdcok-0ee69c79c63bdec04c9222668e8243a1{\n-webkit-border-radius:0px 0px 0px 0px;\n-moz-border-radius:0px 0px 0px 0px;\nborder-radius:0px 0px 0px 0px;\npadding:0px 0px 0px 0px;\n}\n<\/style>\n<div class='flex_column av-5xdcok-0ee69c79c63bdec04c9222668e8243a1 av_one_half  avia-builder-el-1  el_after_av_slideshow_full  el_before_av_one_half  avia-builder-el-first  first flex_column_div av-zero-column-padding '     ><p>\n<style type=\"text\/css\" data-created_by=\"avia_inline_auto\" id=\"style-css-av-ky36fyo1-1c66cd15c6e04f88f04ffa1e5cba651a\">\n#top .av-special-heading.av-ky36fyo1-1c66cd15c6e04f88f04ffa1e5cba651a{\npadding-bottom:10px;\nfont-size:37px;\n}\nbody .av-special-heading.av-ky36fyo1-1c66cd15c6e04f88f04ffa1e5cba651a .av-special-heading-tag .heading-char{\nfont-size:25px;\n}\n#top #wrap_all .av-special-heading.av-ky36fyo1-1c66cd15c6e04f88f04ffa1e5cba651a .av-special-heading-tag{\nfont-size:37px;\n}\n.av-special-heading.av-ky36fyo1-1c66cd15c6e04f88f04ffa1e5cba651a .av-subheading{\nfont-size:15px;\n}\n\n@media only screen and (min-width: 480px) and (max-width: 767px){ \n#top #wrap_all .av-special-heading.av-ky36fyo1-1c66cd15c6e04f88f04ffa1e5cba651a .av-special-heading-tag{\nfont-size:0.8em;\n}\n}\n\n@media only screen and (max-width: 479px){ \n#top #wrap_all .av-special-heading.av-ky36fyo1-1c66cd15c6e04f88f04ffa1e5cba651a .av-special-heading-tag{\nfont-size:0.8em;\n}\n}\n<\/style>\n<div  class='av-special-heading av-ky36fyo1-1c66cd15c6e04f88f04ffa1e5cba651a av-special-heading-h3 blockquote modern-quote  avia-builder-el-2  el_before_av_textblock  avia-builder-el-first  av-inherit-size'><h3 class='av-special-heading-tag'  itemprop=\"headline\"  >HAKE PARTY-DIENST<\/h3><div class=\"special-heading-border\"><div class=\"special-heading-inner-border\"><\/div><\/div><\/div><br \/>\n\n<style type=\"text\/css\" data-created_by=\"avia_inline_auto\" id=\"style-css-av-k2aba72y-3631491690324703736cbad7a30a4936\">\n#top .av_textblock_section.av-k2aba72y-3631491690324703736cbad7a30a4936 .avia_textblock{\ncolor:#000000;\n}\n<\/style>\n<section  class='av_textblock_section av-k2aba72y-3631491690324703736cbad7a30a4936'  itemscope=\"itemscope\" itemtype=\"https:\/\/schema.org\/CreativeWork\" ><div class='avia_textblock av_inherit_color'  itemprop=\"text\" ><p>Lassen Sie sich doch einen Teil Ihrer Arbeit abnehmen &#8211; wir liefern Ihnen alle Getr\u00e4nke die Sie ben\u00f6tigen bis nach Hause.<\/p>\n<p>Ob Sekt, Wein, oder Wasser, Biere oder S\u00e4fte \u2013 sparen Sie sich die Schlepperei und nehmen Sie gerne unseren Getr\u00e4nke-Lieferservice in Anspruch. Durch unsere \u00fcber 30j\u00e4hrige Erfahrung im Event- und Veranstaltungsbereich sind wir der richtige Ansprechpartner bei der Versorgung mit gastronomischem Equipment und Getr\u00e4nken. Mit unserem umfangreichen Veranstaltungsequipment beliefern wir zahlreiche Gro\u00dfveranstaltungen der Region.<\/p>\n<p>Wir bieten:<\/p>\n<ul>\n<li><span style=\"color: #002e52;\"> Getr\u00e4nke auf Kommission<\/span><\/li>\n<li><span style=\"color: #002e52;\">Anlieferung<\/span><\/li>\n<li><span style=\"color: #002e52;\">Abholung<\/span><\/li>\n<li><span style=\"color: #002e52;\">Unkomplizierte Abwicklung<\/span><\/li>\n<\/ul>\n<p>Zu unseren Kunden z\u00e4hlen Privatkunden, Kantinen, Gastronomiebetriebe, Vereine und auch Firmen. Egal ob Veranstaltung, Seminar, Tagung oder Messe, wir erarbeiten mit Ihnen jedes Detail und unterst\u00fctzen Sie bei Ihrem unvergesslichen Event &#8211; kreativ, kompetent und zuverl\u00e4ssig.<\/p>\n<p>Unsere Produkte k\u00f6nnen auch auf Kommission zur Verf\u00fcgung gestellt werden<\/p>\n<\/div><\/section><br \/>\n\n<style type=\"text\/css\" data-created_by=\"avia_inline_auto\" id=\"style-css-av-k2ac233d-6752ec80fc2ecdbd4cc6a4970cce0e4e\">\n#top #wrap_all .iconbox.av-k2ac233d-6752ec80fc2ecdbd4cc6a4970cce0e4e .iconbox_content_title{\ncolor:#2eaadc;\n}\n<\/style>\n<article  class='iconbox iconbox_left av-k2ac233d-6752ec80fc2ecdbd4cc6a4970cce0e4e  avia-builder-el-4  el_after_av_textblock  el_before_av_icon_box '  itemscope=\"itemscope\" itemtype=\"https:\/\/schema.org\/CreativeWork\" ><div class=\"iconbox_content\"><header class=\"entry-content-header\"><div class=\"iconbox_icon heading-color\" aria-hidden='true' data-av_icon='\ue821' data-av_iconfont='entypo-fontello'><\/div><h3 class='iconbox_content_title '  itemprop=\"headline\" >Unsere Adressen:<\/h3><\/header><div class='iconbox_content_container '  itemprop=\"text\" ><h4><span style=\"color: #999999;\">Rechnungsadresse:<\/span><\/h4>\n<h3>Von &#8211; Ascheberg &#8211; Stra\u00dfe 35, 49377 Vechta<\/h3>\n<h4><span style=\"color: #999999;\">Lager-\/Lieferungsadresse:<\/span><\/h4>\n<h3>Beim Alten Flugplatz 11, 49377 Vechta<\/h3>\n<\/div><\/div><footer class=\"entry-footer\"><\/footer><\/article><br \/>\n\n<style type=\"text\/css\" data-created_by=\"avia_inline_auto\" id=\"style-css-av-k2ac233d-9703ee26ed01407bbab40ee9fa914385\">\n#top #wrap_all .iconbox.av-k2ac233d-9703ee26ed01407bbab40ee9fa914385 .iconbox_content_title{\ncolor:#2eaadc;\n}\n<\/style>\n<article  class='iconbox iconbox_left av-k2ac233d-9703ee26ed01407bbab40ee9fa914385  avia-builder-el-5  el_after_av_icon_box  avia-builder-el-last '  itemscope=\"itemscope\" itemtype=\"https:\/\/schema.org\/CreativeWork\" ><div class=\"iconbox_content\"><header class=\"entry-content-header\"><div class=\"iconbox_icon heading-color\" aria-hidden='true' data-av_icon='\ue854' data-av_iconfont='entypo-fontello'><\/div><h3 class='iconbox_content_title '  itemprop=\"headline\" >Kontaktieren Sie uns:<\/h3><\/header><div class='iconbox_content_container '  itemprop=\"text\" ><h3>04441 \/ 921 357<\/h3>\n<\/div><\/div><footer class=\"entry-footer\"><\/footer><\/article><\/p><\/div>\n<style type=\"text\/css\" data-created_by=\"avia_inline_auto\" id=\"style-css-av-3x9jlw-1327b3e1b1f31cdc53460bb44fee8cfb\">\n.flex_column.av-3x9jlw-1327b3e1b1f31cdc53460bb44fee8cfb{\n-webkit-border-radius:0px 0px 0px 0px;\n-moz-border-radius:0px 0px 0px 0px;\nborder-radius:0px 0px 0px 0px;\npadding:0px 0px 0px 0px;\n}\n<\/style>\n<div class='flex_column av-3x9jlw-1327b3e1b1f31cdc53460bb44fee8cfb av_one_half  avia-builder-el-6  el_after_av_one_half  avia-builder-el-last  flex_column_div av-zero-column-padding '     ><style type=\"text\/css\" data-created_by=\"avia_inline_auto\" id=\"style-css-av-k3swcliv-f8debdaddb723850239b8bedf9a3a670\">\n#top .avia-gallery.av-k3swcliv-f8debdaddb723850239b8bedf9a3a670 .avia-gallery-thumb a{\nwidth:33.3333%;\n}\n<\/style>\n<div  class='avia-gallery av-k3swcliv-f8debdaddb723850239b8bedf9a3a670 avia_animate_when_visible  avia-builder-el-7  avia-builder-el-no-sibling  avia_lazyload avia-gallery-animate avia-gallery-1'  itemprop=\"image\" itemscope=\"itemscope\" itemtype=\"https:\/\/schema.org\/ImageObject\" ><meta itemprop=\"contentURL\" content=\"https:\/\/www.getraenke-hake.de\/index.php\/party-dienst\/\"><a class='avia-gallery-big fakeLightbox lightbox avia-gallery-big-crop-thumb ' href=\"https:\/\/www.getraenke-hake.de\/wp-content\/uploads\/2019\/11\/sl03l.jpg\" data-srcset=\"https:\/\/www.getraenke-hake.de\/wp-content\/uploads\/2019\/11\/sl03l.jpg 563w, https:\/\/www.getraenke-hake.de\/wp-content\/uploads\/2019\/11\/sl03l-300x168.jpg 300w, https:\/\/www.getraenke-hake.de\/wp-content\/uploads\/2019\/11\/sl03l-450x253.jpg 450w\" data-sizes=\"(max-width: 563px) 100vw, 563px\"  data-onclick='1' title='sl03l' ><span class='avia-gallery-big-inner'  itemprop=\"thumbnailUrl\" ><img decoding=\"async\" class=\"wp-image-1611 avia-img-lazy-loading-not-1611\"  width=\"495\" height=\"316\" src=\"https:\/\/www.getraenke-hake.de\/wp-content\/uploads\/2019\/11\/sl03l-495x316.jpg\" title='sl03l' alt='' \/><\/span><\/a><div class='avia-gallery-thumb'><a href=\"https:\/\/www.getraenke-hake.de\/wp-content\/uploads\/2019\/11\/sl03l.jpg\" data-srcset=\"https:\/\/www.getraenke-hake.de\/wp-content\/uploads\/2019\/11\/sl03l.jpg 563w, https:\/\/www.getraenke-hake.de\/wp-content\/uploads\/2019\/11\/sl03l-300x168.jpg 300w, https:\/\/www.getraenke-hake.de\/wp-content\/uploads\/2019\/11\/sl03l-450x253.jpg 450w\" data-sizes=\"(max-width: 563px) 100vw, 563px\" data-rel='gallery-1' data-prev-img='https:\/\/www.getraenke-hake.de\/wp-content\/uploads\/2019\/11\/sl03l-495x316.jpg' class='first_thumb lightbox ' data-onclick='1' title='sl03l'  itemprop=\"thumbnailUrl\"  ><img decoding=\"async\" class=\"wp-image-1611 avia-img-lazy-loading-not-1611\"   src=\"https:\/\/www.getraenke-hake.de\/wp-content\/uploads\/2019\/11\/sl03l-495x316.jpg\" width=\"495\" height=\"316\"  title='sl03l' alt='' \/><div class='big-prev-fake'><img loading=\"lazy\" decoding=\"async\" class=\"wp-image-1611 avia-img-lazy-loading-1611\"  width=\"495\" height=\"316\" src=\"https:\/\/www.getraenke-hake.de\/wp-content\/uploads\/2019\/11\/sl03l-495x316.jpg\" title='sl03l' alt='' \/><\/div><\/a><a href=\"https:\/\/www.getraenke-hake.de\/wp-content\/uploads\/2019\/11\/sl02r.jpg\" data-srcset=\"https:\/\/www.getraenke-hake.de\/wp-content\/uploads\/2019\/11\/sl02r.jpg 558w, https:\/\/www.getraenke-hake.de\/wp-content\/uploads\/2019\/11\/sl02r-300x170.jpg 300w, https:\/\/www.getraenke-hake.de\/wp-content\/uploads\/2019\/11\/sl02r-450x255.jpg 450w\" data-sizes=\"(max-width: 558px) 100vw, 558px\" data-rel='gallery-1' data-prev-img='https:\/\/www.getraenke-hake.de\/wp-content\/uploads\/2019\/11\/sl02r-495x316.jpg' class='lightbox ' data-onclick='2' title='sl02r'  itemprop=\"thumbnailUrl\"  ><img decoding=\"async\" class=\"wp-image-1610 avia-img-lazy-loading-not-1610\"   src=\"https:\/\/www.getraenke-hake.de\/wp-content\/uploads\/2019\/11\/sl02r-495x316.jpg\" width=\"495\" height=\"316\"  title='sl02r' alt='' \/><div class='big-prev-fake'><img loading=\"lazy\" decoding=\"async\" class=\"wp-image-1610 avia-img-lazy-loading-1610\"  width=\"495\" height=\"316\" src=\"https:\/\/www.getraenke-hake.de\/wp-content\/uploads\/2019\/11\/sl02r-495x316.jpg\" title='sl02r' alt='' \/><\/div><\/a><a href=\"https:\/\/www.getraenke-hake.de\/wp-content\/uploads\/2019\/11\/sl01l.jpg\" data-srcset=\"https:\/\/www.getraenke-hake.de\/wp-content\/uploads\/2019\/11\/sl01l.jpg 564w, https:\/\/www.getraenke-hake.de\/wp-content\/uploads\/2019\/11\/sl01l-300x168.jpg 300w, https:\/\/www.getraenke-hake.de\/wp-content\/uploads\/2019\/11\/sl01l-450x252.jpg 450w\" data-sizes=\"(max-width: 564px) 100vw, 564px\" data-rel='gallery-1' data-prev-img='https:\/\/www.getraenke-hake.de\/wp-content\/uploads\/2019\/11\/sl01l-495x316.jpg' class='lightbox ' data-onclick='3' title='sl01l'  itemprop=\"thumbnailUrl\"  ><img decoding=\"async\" class=\"wp-image-1607 avia-img-lazy-loading-not-1607\"   src=\"https:\/\/www.getraenke-hake.de\/wp-content\/uploads\/2019\/11\/sl01l-495x316.jpg\" width=\"495\" height=\"316\"  title='sl01l' alt='' \/><div class='big-prev-fake'><img loading=\"lazy\" decoding=\"async\" class=\"wp-image-1607 avia-img-lazy-loading-1607\"  width=\"495\" height=\"316\" src=\"https:\/\/www.getraenke-hake.de\/wp-content\/uploads\/2019\/11\/sl01l-495x316.jpg\" title='sl01l' alt='' \/><\/div><\/a><\/div><\/div><\/div><\/p>\n","protected":false},"excerpt":{"rendered":"","protected":false},"author":2,"featured_media":0,"parent":0,"menu_order":3,"comment_status":"closed","ping_status":"closed","template":"","meta":{"footnotes":""},"class_list":["post-1302","page","type-page","status-publish","hentry"],"_links":{"self":[{"href":"https:\/\/www.getraenke-hake.de\/index.php\/wp-json\/wp\/v2\/pages\/1302","targetHints":{"allow":["GET"]}}],"collection":[{"href":"https:\/\/www.getraenke-hake.de\/index.php\/wp-json\/wp\/v2\/pages"}],"about":[{"href":"https:\/\/www.getraenke-hake.de\/index.php\/wp-json\/wp\/v2\/types\/page"}],"author":[{"embeddable":true,"href":"https:\/\/www.getraenke-hake.de\/index.php\/wp-json\/wp\/v2\/users\/2"}],"replies":[{"embeddable":true,"href":"https:\/\/www.getraenke-hake.de\/index.php\/wp-json\/wp\/v2\/comments?post=1302"}],"version-history":[{"count":8,"href":"https:\/\/www.getraenke-hake.de\/index.php\/wp-json\/wp\/v2\/pages\/1302\/revisions"}],"predecessor-version":[{"id":1804,"href":"https:\/\/www.getraenke-hake.de\/index.php\/wp-json\/wp\/v2\/pages\/1302\/revisions\/1804"}],"wp:attachment":[{"href":"https:\/\/www.getraenke-hake.de\/index.php\/wp-json\/wp\/v2\/media?parent=1302"}],"curies":[{"name":"wp","href":"https:\/\/api.w.org\/{rel}","templated":true}]}}