{"id":1336,"date":"2019-10-29T16:46:29","date_gmt":"2019-10-29T16:46:29","guid":{"rendered":"http:\/\/test.jrwebdeveloper.de\/?page_id=1336"},"modified":"2022-01-06T17:08:55","modified_gmt":"2022-01-06T16:08:55","slug":"kontakt","status":"publish","type":"page","link":"https:\/\/www.getraenke-hake.de\/index.php\/kontakt\/","title":{"rendered":"KONTAKT"},"content":{"rendered":"\n<style type=\"text\/css\" data-created_by=\"avia_inline_auto\" id=\"style-css-av-k2c3feuf-12ddd0ac26ea38758914f7a0d748f074\">\n.flex_column.av-k2c3feuf-12ddd0ac26ea38758914f7a0d748f074{\n-webkit-transform:scale(1.1);\n-moz-transform:scale(1.1);\n-ms-transform:scale(1.1);\n-o-transform:scale(1.1);\ntransform:scale(1.1);\nz-index:5;\n-webkit-border-radius:0px 0px 0px 0px;\n-moz-border-radius:0px 0px 0px 0px;\nborder-radius:0px 0px 0px 0px;\npadding:0px 0px 0px 0px;\n}\n<\/style>\n<div class='flex_column av-k2c3feuf-12ddd0ac26ea38758914f7a0d748f074 av_one_full  avia-builder-el-0  el_before_av_three_fifth  avia-builder-el-first  first no_margin flex_column_div '     ><\/div>\n\n<style type=\"text\/css\" data-created_by=\"avia_inline_auto\" id=\"style-css-av-5xdcok-0ee69c79c63bdec04c9222668e8243a1\">\n.flex_column.av-5xdcok-0ee69c79c63bdec04c9222668e8243a1{\n-webkit-border-radius:0px 0px 0px 0px;\n-moz-border-radius:0px 0px 0px 0px;\nborder-radius:0px 0px 0px 0px;\npadding:0px 0px 0px 0px;\n}\n<\/style>\n<div class='flex_column av-5xdcok-0ee69c79c63bdec04c9222668e8243a1 av_three_fifth  avia-builder-el-2  el_after_av_one_full  el_before_av_two_fifth  first flex_column_div av-zero-column-padding column-top-margin'     ><p>\n<style type=\"text\/css\" data-created_by=\"avia_inline_auto\" id=\"style-css-av-328neg-d9b723bf05ae7fea5f97c3cf3b041794\">\n#top .av-special-heading.av-328neg-d9b723bf05ae7fea5f97c3cf3b041794{\npadding-bottom:10px;\nfont-size:37px;\n}\nbody .av-special-heading.av-328neg-d9b723bf05ae7fea5f97c3cf3b041794 .av-special-heading-tag .heading-char{\nfont-size:25px;\n}\n#top #wrap_all .av-special-heading.av-328neg-d9b723bf05ae7fea5f97c3cf3b041794 .av-special-heading-tag{\nfont-size:37px;\n}\n.av-special-heading.av-328neg-d9b723bf05ae7fea5f97c3cf3b041794 .av-subheading{\nfont-size:15px;\n}\n\n@media only screen and (min-width: 480px) and (max-width: 767px){ \n#top #wrap_all .av-special-heading.av-328neg-d9b723bf05ae7fea5f97c3cf3b041794 .av-special-heading-tag{\nfont-size:0.8em;\n}\n}\n\n@media only screen and (max-width: 479px){ \n#top #wrap_all .av-special-heading.av-328neg-d9b723bf05ae7fea5f97c3cf3b041794 .av-special-heading-tag{\nfont-size:0.8em;\n}\n}\n<\/style>\n<div  class='av-special-heading av-328neg-d9b723bf05ae7fea5f97c3cf3b041794 av-special-heading-h3 blockquote modern-quote  avia-builder-el-3  el_before_av_textblock  avia-builder-el-first  av-inherit-size'><h3 class='av-special-heading-tag'  itemprop=\"headline\"  >Kontakt<\/h3><div class=\"special-heading-border\"><div class=\"special-heading-inner-border\"><\/div><\/div><\/div><br \/>\n\n<style type=\"text\/css\" data-created_by=\"avia_inline_auto\" id=\"style-css-av-k2aba72y-479b0de0520fa11a95f21f0a737f892a\">\n#top .av_textblock_section.av-k2aba72y-479b0de0520fa11a95f21f0a737f892a .avia_textblock{\nfont-size:24px;\ncolor:#000000;\n}\n<\/style>\n<section  class='av_textblock_section av-k2aba72y-479b0de0520fa11a95f21f0a737f892a'  itemscope=\"itemscope\" itemtype=\"https:\/\/schema.org\/CreativeWork\" ><div class='avia_textblock av_inherit_color'  itemprop=\"text\" ><div class=\"c50l col_1 first\">\n<div class=\"subcl\">\n<div class=\"ce_text block\">\n<div class=\"c50l col_1 first\">\n<div class=\"subcl\">\n<div class=\"ce_text block\">\n<p>Ihre Bestellung k\u00f6nnen Sie bequem telefonisch unter den Nummern 04441-921357, per Telefax\u00a0 04441-858345 oder per E-mail unter <a href=\"mailto:info@getraenke-hake.de\">info@getraenke-hake.de<\/a> aufgeben.<\/p>\n<p>Denken Sie bitte an eine fr\u00fchzeitige Bestellung vor Ihrer Veranstaltung, da die Nachfrage nach Getr\u00e4nken und Festzubeh\u00f6r insbesondere im Sommer sehr gro\u00df ist.<\/p>\n<\/div>\n<\/div>\n<\/div>\n<\/div>\n<\/div>\n<\/div>\n<\/div><\/section><\/p><\/div>\n\n<style type=\"text\/css\" data-created_by=\"avia_inline_auto\" id=\"style-css-av-3x9jlw-43d7fa7af954b9fdccf1b62ff0537df8\">\n@-webkit-keyframes av_boxShadowEffect_av-3x9jlw-43d7fa7af954b9fdccf1b62ff0537df8-column {\n0%   { box-shadow:  0 0 0 0 #002e52; opacity: 1; }\n100% { box-shadow:  0 0 2px 0 #002e52; opacity: 1; }\n}\n@keyframes av_boxShadowEffect_av-3x9jlw-43d7fa7af954b9fdccf1b62ff0537df8-column {\n0%   { box-shadow:  0 0 0 0 #002e52; opacity: 1; }\n100% { box-shadow:  0 0 2px 0 #002e52; opacity: 1; }\n}\n.flex_column.av-3x9jlw-43d7fa7af954b9fdccf1b62ff0537df8{\nbox-shadow: 0 0 2px 0 #002e52;\n-webkit-border-radius:20px 20px 20px 20px;\n-moz-border-radius:20px 20px 20px 20px;\nborder-radius:20px 20px 20px 20px;\npadding:20px 20px 20px 20px;\n}\n<\/style>\n<div class='flex_column av-3x9jlw-43d7fa7af954b9fdccf1b62ff0537df8 av_two_fifth  avia-builder-el-5  el_after_av_three_fifth  el_before_av_section  avia-builder-el-last  flex_column_div shadow-not-animated column-top-margin'     ><p>\n<style type=\"text\/css\" data-created_by=\"avia_inline_auto\" id=\"style-css-av-ky35yyhj-35a9cabeb1469247c3cb873073a5fd43\">\n#top .av-special-heading.av-ky35yyhj-35a9cabeb1469247c3cb873073a5fd43{\npadding-bottom:10px;\nfont-size:32px;\n}\nbody .av-special-heading.av-ky35yyhj-35a9cabeb1469247c3cb873073a5fd43 .av-special-heading-tag .heading-char{\nfont-size:25px;\n}\n#top #wrap_all .av-special-heading.av-ky35yyhj-35a9cabeb1469247c3cb873073a5fd43 .av-special-heading-tag{\nfont-size:32px;\n}\n.av-special-heading.av-ky35yyhj-35a9cabeb1469247c3cb873073a5fd43 .av-subheading{\nfont-size:15px;\n}\n\n@media only screen and (min-width: 480px) and (max-width: 767px){ \n#top #wrap_all .av-special-heading.av-ky35yyhj-35a9cabeb1469247c3cb873073a5fd43 .av-special-heading-tag{\nfont-size:0.8em;\n}\n}\n\n@media only screen and (max-width: 479px){ \n#top #wrap_all .av-special-heading.av-ky35yyhj-35a9cabeb1469247c3cb873073a5fd43 .av-special-heading-tag{\nfont-size:0.8em;\n}\n}\n<\/style>\n<div  class='av-special-heading av-ky35yyhj-35a9cabeb1469247c3cb873073a5fd43 av-special-heading-h5 blockquote modern-quote  avia-builder-el-6  el_before_av_icon_box  avia-builder-el-first  av-inherit-size'><h5 class='av-special-heading-tag'  itemprop=\"headline\"  >Karl-Heinz Hake<\/h5><div class='av-subheading av-subheading_below'><p>Getr\u00e4nkehandel<\/p>\n<\/div><div class=\"special-heading-border\"><div class=\"special-heading-inner-border\"><\/div><\/div><\/div><br \/>\n<article  class='iconbox iconbox_left av-k2ac233d-cd9e2678f9a22d9eda29a5779a40c345  avia-builder-el-7  el_after_av_heading  el_before_av_icon_box '  itemscope=\"itemscope\" itemtype=\"https:\/\/schema.org\/CreativeWork\" ><div class=\"iconbox_content\"><header class=\"entry-content-header\"><div class=\"iconbox_icon heading-color\" aria-hidden='true' data-av_icon='\ue821' data-av_iconfont='entypo-fontello'><\/div><h3 class='iconbox_content_title '  itemprop=\"headline\" >Unsere Adressen:<\/h3><\/header><div class='iconbox_content_container '  itemprop=\"text\" ><p><strong>Rechnungsadresse:<br \/>\n<\/strong>Von \u2013 Ascheberg \u2013 Stra\u00dfe 35, 49377 Vechta<br \/>\n<strong>Lager-\/Lieferungsadresse:<br \/>\n<\/strong>Beim Alten Flugplatz 11, 49377 Vechta<\/p>\n<\/div><\/div><footer class=\"entry-footer\"><\/footer><\/article><br \/>\n<article  class='iconbox iconbox_left av-k2ac233d-cd87994d3b43799c61d4298fdece400d  avia-builder-el-8  el_after_av_icon_box  avia-builder-el-last '  itemscope=\"itemscope\" itemtype=\"https:\/\/schema.org\/CreativeWork\" ><div class=\"iconbox_content\"><header class=\"entry-content-header\"><div class=\"iconbox_icon heading-color\" aria-hidden='true' data-av_icon='\ue854' data-av_iconfont='entypo-fontello'><\/div><h3 class='iconbox_content_title '  itemprop=\"headline\" >Kontaktieren Sie uns:<\/h3><\/header><div class='iconbox_content_container '  itemprop=\"text\" ><p>Telefon: 04441 \/ 921 357<br \/>\nFax:\u00a0\u00a0\u00a0\u00a0\u00a0\u00a0\u00a0 04441 \/ 858 345<\/p>\n<p>E-Mail: <a href=\"mailto:info@getraenke-hake.de\">info@getraenke-hake.de<\/a><\/p>\n<\/div><\/div><footer class=\"entry-footer\"><\/footer><\/article><\/p><\/div><\/div><\/div><\/div><!-- close content main div --><\/div><\/div>\n<style type=\"text\/css\" data-created_by=\"avia_inline_auto\" id=\"style-css-av-3e9w6fc-a0511e0ba15cee90e87a883318be397c\">\n.avia-section.av-3e9w6fc-a0511e0ba15cee90e87a883318be397c{\nbackground-color:#002e52;\nbackground-image:unset;\n}\n<\/style>\n<div id='av_section_1'  class='avia-section av-3e9w6fc-a0511e0ba15cee90e87a883318be397c main_color avia-section-huge avia-no-border-styling  avia-builder-el-9  el_after_av_two_fifth  avia-builder-el-last  avia-bg-style-scroll container_wrap sidebar_right'  ><div class='container av-section-cont-open' ><div class='template-page content  av-content-small alpha units'><div class='post-entry post-entry-type-page post-entry-1336'><div class='entry-content-wrapper clearfix'>\n\n<style type=\"text\/css\" data-created_by=\"avia_inline_auto\" id=\"style-css-av-k2c5ptfp-c2c388d07177ece3d583623c937b748b\">\n#top .av-special-heading.av-k2c5ptfp-c2c388d07177ece3d583623c937b748b{\npadding-bottom:10px;\ncolor:#ffffff;\nfont-size:37px;\n}\nbody .av-special-heading.av-k2c5ptfp-c2c388d07177ece3d583623c937b748b .av-special-heading-tag .heading-char{\nfont-size:25px;\n}\n#top #wrap_all .av-special-heading.av-k2c5ptfp-c2c388d07177ece3d583623c937b748b .av-special-heading-tag{\nfont-size:37px;\n}\n.av-special-heading.av-k2c5ptfp-c2c388d07177ece3d583623c937b748b .special-heading-inner-border{\nborder-color:#ffffff;\n}\n.av-special-heading.av-k2c5ptfp-c2c388d07177ece3d583623c937b748b .av-subheading{\nfont-size:15px;\n}\n\n@media only screen and (min-width: 480px) and (max-width: 767px){ \n#top #wrap_all .av-special-heading.av-k2c5ptfp-c2c388d07177ece3d583623c937b748b .av-special-heading-tag{\nfont-size:0.8em;\n}\n}\n\n@media only screen and (max-width: 479px){ \n#top #wrap_all .av-special-heading.av-k2c5ptfp-c2c388d07177ece3d583623c937b748b .av-special-heading-tag{\nfont-size:0.8em;\n}\n}\n<\/style>\n<div  class='av-special-heading av-k2c5ptfp-c2c388d07177ece3d583623c937b748b av-special-heading-h3 custom-color-heading blockquote modern-quote  avia-builder-el-10  el_before_av_textblock  avia-builder-el-first  av-inherit-size'><h3 class='av-special-heading-tag'  itemprop=\"headline\"  >Unser Kontaktformular<\/h3><div class=\"special-heading-border\"><div class=\"special-heading-inner-border\"><\/div><\/div><\/div>\n\n<style type=\"text\/css\" data-created_by=\"avia_inline_auto\" id=\"style-css-av-k2c4q72v-25169ec175e06c9e7ac09b66f8c9e443\">\n#top .av_textblock_section.av-k2c4q72v-25169ec175e06c9e7ac09b66f8c9e443 .avia_textblock{\ncolor:#ffffff;\n}\n<\/style>\n<section  class='av_textblock_section av-k2c4q72v-25169ec175e06c9e7ac09b66f8c9e443'  itemscope=\"itemscope\" itemtype=\"https:\/\/schema.org\/CreativeWork\" ><div class='avia_textblock av_inherit_color'  itemprop=\"text\" >\n<div class=\"wpcf7 no-js\" id=\"wpcf7-f1720-o1\" lang=\"de-DE\" dir=\"ltr\" data-wpcf7-id=\"1720\">\n<div class=\"screen-reader-response\"><p role=\"status\" aria-live=\"polite\" aria-atomic=\"true\"><\/p> <ul><\/ul><\/div>\n<form action=\"\/index.php\/wp-json\/wp\/v2\/pages\/1336#wpcf7-f1720-o1\" method=\"post\" class=\"wpcf7-form init\" aria-label=\"Kontaktformular\" novalidate=\"novalidate\" data-status=\"init\">\n<div style=\"display: none;\">\n<input type=\"hidden\" name=\"_wpcf7\" value=\"1720\" \/>\n<input type=\"hidden\" name=\"_wpcf7_version\" value=\"6.0.6\" \/>\n<input type=\"hidden\" name=\"_wpcf7_locale\" value=\"de_DE\" \/>\n<input type=\"hidden\" name=\"_wpcf7_unit_tag\" value=\"wpcf7-f1720-o1\" \/>\n<input type=\"hidden\" name=\"_wpcf7_container_post\" value=\"0\" \/>\n<input type=\"hidden\" name=\"_wpcf7_posted_data_hash\" value=\"\" \/>\n<\/div>\n<p><label> Dein Name (Pflichtfeld)<br \/>\n<span class=\"wpcf7-form-control-wrap\" data-name=\"your-name\"><input size=\"40\" maxlength=\"400\" class=\"wpcf7-form-control wpcf7-text wpcf7-validates-as-required\" aria-required=\"true\" aria-invalid=\"false\" value=\"\" type=\"text\" name=\"your-name\" \/><\/span> <\/label>\n<\/p>\n<p><label> Deine E-Mail-Adresse (Pflichtfeld)<br \/>\n<span class=\"wpcf7-form-control-wrap\" data-name=\"your-email\"><input size=\"40\" maxlength=\"400\" class=\"wpcf7-form-control wpcf7-email wpcf7-validates-as-required wpcf7-text wpcf7-validates-as-email\" aria-required=\"true\" aria-invalid=\"false\" value=\"\" type=\"email\" name=\"your-email\" \/><\/span> <\/label>\n<\/p>\n<p><label> Betreff<br \/>\n<span class=\"wpcf7-form-control-wrap\" data-name=\"your-subject\"><input size=\"40\" maxlength=\"400\" class=\"wpcf7-form-control wpcf7-text\" aria-invalid=\"false\" value=\"\" type=\"text\" name=\"your-subject\" \/><\/span> <\/label>\n<\/p>\n<p><label> Deine Nachricht<br \/>\n<span class=\"wpcf7-form-control-wrap\" data-name=\"your-message\"><textarea cols=\"40\" rows=\"10\" maxlength=\"2000\" class=\"wpcf7-form-control wpcf7-textarea\" aria-invalid=\"false\" name=\"your-message\"><\/textarea><\/span> <\/label>\n<\/p>\n<p><input class=\"wpcf7-form-control wpcf7-submit has-spinner\" type=\"submit\" value=\"Senden\" \/>\n<\/p>\n<p><span class=\"wpcf7-form-control-wrap kc_captcha\" data-name=\"kc_captcha\"><span class=\"wpcf7-form-control wpcf7-radio\"><span class=\"captcha-image\" ><span class=\"cf7ic_instructions\">Bitte beweise, dass du kein Spambot bist und w\u00e4hle das Symbol<span> Herz<\/span>.<\/span><label><input aria-label=\"1\" type=\"radio\" name=\"kc_captcha\" value=\"kc_human\" \/><svg aria-hidden=\"true\" role=\"img\" xmlns=\"http:\/\/www.w3.org\/2000\/svg\" viewBox=\"0 0 576 512\"><path fill=\"currentColor\" d=\"M415 24c-53 0-103 42-127 65-24-23-74-65-127-65C70 24 16 77 16 166c0 72 67 133 69 135l187 181c9 8 23 8 32 0l187-180c2-3 69-64 69-136 0-89-54-142-145-142z\"\/><\/svg><\/label><label><input aria-label=\"2\" type=\"radio\" name=\"kc_captcha\" value=\"bot\" \/><svg aria-hidden=\"true\" role=\"img\" xmlns=\"http:\/\/www.w3.org\/2000\/svg\" viewBox=\"0 0 512 512\"><path fill=\"currentColor\" d=\"M512 176a176 176 0 01-209 173l-24 27a24 24 0 01-18 8h-37v40c0 13-11 24-24 24h-40v40c0 13-11 24-24 24H24c-13 0-24-11-24-24v-78c0-6 3-13 7-17l162-162a176 176 0 11343-55zm-176-48a48 48 0 1096 0 48 48 0 00-96 0z\"\/><\/svg><\/label><label><input aria-label=\"3\" type=\"radio\" name=\"kc_captcha\" value=\"bot\" \/><svg aria-hidden=\"true\" role=\"img\" xmlns=\"http:\/\/www.w3.org\/2000\/svg\" viewBox=\"0 0 576 512\"><path fill=\"currentColor\" d=\"M472 200H360L256 6a12 12 0 00-10-6h-58c-8 0-14 7-12 15l34 185H100l-35-58a12 12 0 00-10-6H12c-8 0-13 7-12 14l21 106L0 362c-1 7 4 14 12 14h43c4 0 8-2 10-6l35-58h110l-34 185c-2 8 4 15 12 15h58a12 12 0 0010-6l104-194h112c57 0 104-25 104-56s-47-56-104-56z\"\/><\/svg><\/label>\r\n    <\/span>\r\n    <span style=\"display:none\">\r\n        <input type=\"text\" name=\"kc_honeypot\">\r\n    <\/span><\/span><\/span>\n<\/p><div class=\"wpcf7-response-output\" aria-hidden=\"true\"><\/div>\n<\/form>\n<\/div>\n\n<\/div><\/section>\n<\/div><\/div><\/div><!-- close content main div --><\/div><\/div><div id='after_section_1'  class='main_color av_default_container_wrap container_wrap sidebar_right'  ><div class='container av-section-cont-open' ><div class='template-page content  av-content-small alpha units'><div class='post-entry post-entry-type-page post-entry-1336'><div class='entry-content-wrapper clearfix'><\/p>\n","protected":false},"excerpt":{"rendered":"","protected":false},"author":2,"featured_media":0,"parent":0,"menu_order":5,"comment_status":"closed","ping_status":"closed","template":"","meta":{"footnotes":""},"class_list":["post-1336","page","type-page","status-publish","hentry"],"_links":{"self":[{"href":"https:\/\/www.getraenke-hake.de\/index.php\/wp-json\/wp\/v2\/pages\/1336","targetHints":{"allow":["GET"]}}],"collection":[{"href":"https:\/\/www.getraenke-hake.de\/index.php\/wp-json\/wp\/v2\/pages"}],"about":[{"href":"https:\/\/www.getraenke-hake.de\/index.php\/wp-json\/wp\/v2\/types\/page"}],"author":[{"embeddable":true,"href":"https:\/\/www.getraenke-hake.de\/index.php\/wp-json\/wp\/v2\/users\/2"}],"replies":[{"embeddable":true,"href":"https:\/\/www.getraenke-hake.de\/index.php\/wp-json\/wp\/v2\/comments?post=1336"}],"version-history":[{"count":8,"href":"https:\/\/www.getraenke-hake.de\/index.php\/wp-json\/wp\/v2\/pages\/1336\/revisions"}],"predecessor-version":[{"id":1879,"href":"https:\/\/www.getraenke-hake.de\/index.php\/wp-json\/wp\/v2\/pages\/1336\/revisions\/1879"}],"wp:attachment":[{"href":"https:\/\/www.getraenke-hake.de\/index.php\/wp-json\/wp\/v2\/media?parent=1336"}],"curies":[{"name":"wp","href":"https:\/\/api.w.org\/{rel}","templated":true}]}}